{"id":1875,"date":"2026-04-10T11:50:26","date_gmt":"2026-04-10T11:50:26","guid":{"rendered":"https:\/\/ecotech.net.ua\/?post_type=product&#038;p=1875"},"modified":"2026-04-10T12:05:08","modified_gmt":"2026-04-10T12:05:08","slug":"kopiyakopiyakopiyaenergy-storage-system-deye-high-voltage-outdoor-60kwh-cabinet-ess","status":"publish","type":"product","link":"https:\/\/ecotech.net.ua\/en\/product\/kopiyakopiyakopiyaenergy-storage-system-deye-high-voltage-outdoor-60kwh-cabinet-ess\/","title":{"rendered":"(\u041a\u043e\u043f\u0456\u044f)(\u041a\u043e\u043f\u0456\u044f)(\u041a\u043e\u043f\u0456\u044f)Energy storage system Deye High Voltage Outdoor 60KWH Cabinet ESS"},"content":{"rendered":"<p>The DEYE GE-F60 is a compact, high-tech energy storage system for the commercial and industrial (C&amp;I ESS) sector, combining reliable backup power, intelligent energy management, and a high level of safety. This solution is ideal for businesses that require operational stability even under challenging conditions. <\/p>\n<p>With this equipment, your business or manufacturing facility will become energy-independent, as the system can be activated even without a grid connection and operate in standalone mode. It features integrated technologies, including an energy management system (EMS), a battery management system (BMS), and a hybrid inverter. <\/p>\n<p>The unit is designed for scalability in case your business\u2019s energy consumption increases. Its durable, moisture-resistant housing allows the equipment to be used in a variety of environments. In addition, the DEYE GE-F60 can withstand extreme temperatures thanks to its built-in cooling system.  <\/p>\n","protected":false},"excerpt":{"rendered":"<p>&nbsp;<\/p>\n<table>\n<tbody>\n<tr>\n<td>Cell chemistry<\/td>\n<td>LiFePO\u2084<\/td>\n<\/tr>\n<tr>\n<td>Energy module (kWh)<\/td>\n<td>5.12<\/td>\n<\/tr>\n<tr>\n<td>Module rated voltage (V)<\/td>\n<td>51.2<\/td>\n<\/tr>\n<tr>\n<td>Module capacity (Ah)<\/td>\n<td>100<\/td>\n<\/tr>\n<tr>\n<td>Number of battery modules in the series<\/td>\n<td>12<\/td>\n<\/tr>\n<tr>\n<td>System rated voltage (V)<\/td>\n<td>614.4<\/td>\n<\/tr>\n<tr>\n<td>System operating voltage (V)<\/td>\n<td>480 ~ 700<\/td>\n<\/tr>\n<tr>\n<td>System energy (kWh)<\/td>\n<td>61,44<\/td>\n<\/tr>\n<tr>\n<td>Useful energy of the system (kWh)<\/td>\n<td>55.29<\/td>\n<\/tr>\n<tr>\n<td>Rated DC power (kW)<\/td>\n<td>61,44<\/td>\n<\/tr>\n<tr>\n<td>Recommended charge\/discharge (A)<\/td>\n<td>50<\/td>\n<\/tr>\n<tr>\n<td>Rated current (A)<\/td>\n<td>100<\/td>\n<\/tr>\n<tr>\n<td>Peak discharge current (A)<\/td>\n<td>125 (2 min at 25\u00b0C)<\/td>\n<\/tr>\n<tr>\n<td>Status Indicators<\/td>\n<td>Yellow: High voltage on \/ Red: Alarm<\/td>\n<\/tr>\n<tr>\n<td>Communication port<\/td>\n<td>CAN 2.0 \/ RS485<\/td>\n<\/tr>\n<tr>\n<td>Humidity<\/td>\n<td>5% \u2013 85% relative humidity<\/td>\n<\/tr>\n<tr>\n<td>Height<\/td>\n<td>\u22642000m<\/td>\n<\/tr>\n<tr>\n<td>Corpus protection<\/td>\n<td>IP55<\/td>\n<\/tr>\n<tr>\n<td>Dimensions (W \u00d7 D \u00d7 H, mm)<\/td>\n<td>783 \u00d7 1059 \u00d7 2235<\/td>\n<\/tr>\n<tr>\n<td>Weight (kg)<\/td>\n<td>1070<\/td>\n<\/tr>\n<tr>\n<td>Installation method<\/td>\n<td>Floor-mounted<\/td>\n<\/tr>\n<tr>\n<td>Operating temperature (\u00b0C)<\/td>\n<td>-30\u00b0C \u0434\u043e 60\u00b0C&gt;above 45\u00b0C)<\/td>\n<\/tr>\n<tr>\n<td>Life cycle<\/td>\n<td>\u22656000 (25\u00b12\u00b0C, 0,5C\/0,5C, EOL 70%)<\/td>\n<\/tr>\n<tr>\n<td>Certificates<\/td>\n<td>UN38.3 \/ CB \/ CE \/ CEC \/ IEC 62040<\/td>\n<\/tr>\n<\/tbody>\n<\/table>\n","protected":false},"featured_media":1871,"comment_status":"open","ping_status":"closed","template":"","meta":[],"product_brand":[60],"product_cat":[50],"product_tag":[],"class_list":{"0":"post-1875","1":"product","2":"type-product","3":"status-publish","4":"has-post-thumbnail","6":"product_brand-deye","7":"product_cat-industrial-storage-systems","9":"first","10":"instock","11":"taxable","12":"shipping-taxable","13":"purchasable","14":"product-type-simple"},"yoast_head":"<!-- This site is optimized with the Yoast SEO plugin v27.4 - https:\/\/yoast.com\/product\/yoast-seo-wordpress\/ -->\n<title>(\u041a\u043e\u043f\u0456\u044f)(\u041a\u043e\u043f\u0456\u044f)(\u041a\u043e\u043f\u0456\u044f)Energy storage system Deye High Voltage Outdoor 60KWH Cabinet ESS - EcoTech KO<\/title>\n<meta name=\"robots\" content=\"index, follow, max-snippet:-1, max-image-preview:large, max-video-preview:-1\" \/>\n<link rel=\"canonical\" href=\"https:\/\/ecotech.net.ua\/en\/product\/kopiyakopiyakopiyaenergy-storage-system-deye-high-voltage-outdoor-60kwh-cabinet-ess\/\" \/>\n<meta property=\"og:locale\" content=\"en_US\" \/>\n<meta property=\"og:type\" content=\"article\" \/>\n<meta property=\"og:title\" content=\"(\u041a\u043e\u043f\u0456\u044f)(\u041a\u043e\u043f\u0456\u044f)(\u041a\u043e\u043f\u0456\u044f)Energy storage system Deye High Voltage Outdoor 60KWH Cabinet ESS - EcoTech KO\" \/>\n<meta property=\"og:description\" content=\"&nbsp;  Cell chemistry LiFePO\u2084  Energy module (kWh) 5.12  Module rated voltage (V) 51.2  Module capacity (Ah) 100  Number of battery modules in the series 12  System rated voltage (V) 614.4  System operating voltage (V) 480 ~ 700  System energy (kWh) 61,44  Useful energy of the system (kWh) 55.29  Rated DC power (kW) 61,44  Recommended charge\/discharge (A) 50  Rated current (A) 100  Peak discharge current (A) 125 (2 min at 25\u00b0C)  Status Indicators Yellow: High voltage on \/ Red: Alarm  Communication port CAN 2.0 \/ RS485  Humidity 5% \u2013 85% relative humidity  Height \u22642000m  Corpus protection IP55  Dimensions (W \u00d7 D \u00d7 H, mm) 783 \u00d7 1059 \u00d7 2235  Weight (kg) 1070  Installation method Floor-mounted  Operating temperature (\u00b0C) -30\u00b0C \u0434\u043e 60\u00b0C&gt;above 45\u00b0C)  Life cycle \u22656000 (25\u00b12\u00b0C, 0,5C\/0,5C, EOL 70%)  Certificates UN38.3 \/ CB \/ CE \/ CEC \/ IEC 62040\" \/>\n<meta property=\"og:url\" content=\"https:\/\/ecotech.net.ua\/en\/product\/kopiyakopiyakopiyaenergy-storage-system-deye-high-voltage-outdoor-60kwh-cabinet-ess\/\" \/>\n<meta property=\"og:site_name\" content=\"EcoTech KO\" \/>\n<meta property=\"article:modified_time\" content=\"2026-04-10T12:05:08+00:00\" \/>\n<meta property=\"og:image\" content=\"https:\/\/ecotech.net.ua\/wp-content\/uploads\/2026\/03\/deye-high-voltage-outdoor-60kwh-cabinet-ess.webp\" \/>\n\t<meta property=\"og:image:width\" content=\"1000\" \/>\n\t<meta property=\"og:image:height\" content=\"1000\" \/>\n\t<meta property=\"og:image:type\" content=\"image\/webp\" \/>\n<meta name=\"twitter:card\" content=\"summary_large_image\" \/>\n<meta name=\"twitter:label1\" content=\"Est. reading time\" \/>\n\t<meta name=\"twitter:data1\" content=\"1 minute\" \/>\n<script type=\"application\/ld+json\" class=\"yoast-schema-graph\">{\"@context\":\"https:\\\/\\\/schema.org\",\"@graph\":[{\"@type\":\"WebPage\",\"@id\":\"https:\\\/\\\/ecotech.net.ua\\\/en\\\/product\\\/kopiyakopiyakopiyaenergy-storage-system-deye-high-voltage-outdoor-60kwh-cabinet-ess\\\/\",\"url\":\"https:\\\/\\\/ecotech.net.ua\\\/en\\\/product\\\/kopiyakopiyakopiyaenergy-storage-system-deye-high-voltage-outdoor-60kwh-cabinet-ess\\\/\",\"name\":\"(\u041a\u043e\u043f\u0456\u044f)(\u041a\u043e\u043f\u0456\u044f)(\u041a\u043e\u043f\u0456\u044f)Energy storage system Deye High Voltage Outdoor 60KWH Cabinet ESS - EcoTech KO\",\"isPartOf\":{\"@id\":\"https:\\\/\\\/ecotech.net.ua\\\/en\\\/#website\"},\"primaryImageOfPage\":{\"@id\":\"https:\\\/\\\/ecotech.net.ua\\\/en\\\/product\\\/kopiyakopiyakopiyaenergy-storage-system-deye-high-voltage-outdoor-60kwh-cabinet-ess\\\/#primaryimage\"},\"image\":{\"@id\":\"https:\\\/\\\/ecotech.net.ua\\\/en\\\/product\\\/kopiyakopiyakopiyaenergy-storage-system-deye-high-voltage-outdoor-60kwh-cabinet-ess\\\/#primaryimage\"},\"thumbnailUrl\":\"https:\\\/\\\/ecotech.net.ua\\\/wp-content\\\/uploads\\\/2026\\\/03\\\/deye-high-voltage-outdoor-60kwh-cabinet-ess.webp\",\"datePublished\":\"2026-04-10T11:50:26+00:00\",\"dateModified\":\"2026-04-10T12:05:08+00:00\",\"breadcrumb\":{\"@id\":\"https:\\\/\\\/ecotech.net.ua\\\/en\\\/product\\\/kopiyakopiyakopiyaenergy-storage-system-deye-high-voltage-outdoor-60kwh-cabinet-ess\\\/#breadcrumb\"},\"inLanguage\":\"en-US\",\"potentialAction\":[{\"@type\":\"ReadAction\",\"target\":[\"https:\\\/\\\/ecotech.net.ua\\\/en\\\/product\\\/kopiyakopiyakopiyaenergy-storage-system-deye-high-voltage-outdoor-60kwh-cabinet-ess\\\/\"]}]},{\"@type\":\"ImageObject\",\"inLanguage\":\"en-US\",\"@id\":\"https:\\\/\\\/ecotech.net.ua\\\/en\\\/product\\\/kopiyakopiyakopiyaenergy-storage-system-deye-high-voltage-outdoor-60kwh-cabinet-ess\\\/#primaryimage\",\"url\":\"https:\\\/\\\/ecotech.net.ua\\\/wp-content\\\/uploads\\\/2026\\\/03\\\/deye-high-voltage-outdoor-60kwh-cabinet-ess.webp\",\"contentUrl\":\"https:\\\/\\\/ecotech.net.ua\\\/wp-content\\\/uploads\\\/2026\\\/03\\\/deye-high-voltage-outdoor-60kwh-cabinet-ess.webp\",\"width\":1000,\"height\":1000},{\"@type\":\"BreadcrumbList\",\"@id\":\"https:\\\/\\\/ecotech.net.ua\\\/en\\\/product\\\/kopiyakopiyakopiyaenergy-storage-system-deye-high-voltage-outdoor-60kwh-cabinet-ess\\\/#breadcrumb\",\"itemListElement\":[{\"@type\":\"ListItem\",\"position\":1,\"name\":\"\u0413\u043e\u043b\u043e\u0432\u043d\u0430\",\"item\":\"https:\\\/\\\/ecotech.net.ua\\\/en\\\/main-page\\\/\"},{\"@type\":\"ListItem\",\"position\":2,\"name\":\"Shop\",\"item\":\"https:\\\/\\\/ecotech.net.ua\\\/en\\\/shop\\\/\"},{\"@type\":\"ListItem\",\"position\":3,\"name\":\"(\u041a\u043e\u043f\u0456\u044f)(\u041a\u043e\u043f\u0456\u044f)(\u041a\u043e\u043f\u0456\u044f)Energy storage system Deye High Voltage Outdoor 60KWH Cabinet ESS\"}]},{\"@type\":\"WebSite\",\"@id\":\"https:\\\/\\\/ecotech.net.ua\\\/en\\\/#website\",\"url\":\"https:\\\/\\\/ecotech.net.ua\\\/en\\\/\",\"name\":\"EcoTech KO\",\"description\":\"\u041d\u0430\u0434\u0456\u0439\u043d\u0456 \u0440\u0456\u0448\u0435\u043d\u043d\u044f \u0434\u043b\u044f \u0441\u043e\u043d\u044f\u0447\u043d\u043e\u0457 \u0435\u043d\u0435\u0440\u0433\u0435\u0442\u0438\u043a\u0438\",\"publisher\":{\"@id\":\"https:\\\/\\\/ecotech.net.ua\\\/en\\\/#organization\"},\"potentialAction\":[{\"@type\":\"SearchAction\",\"target\":{\"@type\":\"EntryPoint\",\"urlTemplate\":\"https:\\\/\\\/ecotech.net.ua\\\/en\\\/?s={search_term_string}\"},\"query-input\":{\"@type\":\"PropertyValueSpecification\",\"valueRequired\":true,\"valueName\":\"search_term_string\"}}],\"inLanguage\":\"en-US\"},{\"@type\":\"Organization\",\"@id\":\"https:\\\/\\\/ecotech.net.ua\\\/en\\\/#organization\",\"name\":\"EcoTech KO\",\"url\":\"https:\\\/\\\/ecotech.net.ua\\\/en\\\/\",\"logo\":{\"@type\":\"ImageObject\",\"inLanguage\":\"en-US\",\"@id\":\"https:\\\/\\\/ecotech.net.ua\\\/en\\\/#\\\/schema\\\/logo\\\/image\\\/\",\"url\":\"https:\\\/\\\/ecotech.net.ua\\\/wp-content\\\/uploads\\\/2026\\\/02\\\/logo.svg\",\"contentUrl\":\"https:\\\/\\\/ecotech.net.ua\\\/wp-content\\\/uploads\\\/2026\\\/02\\\/logo.svg\",\"width\":204,\"height\":46,\"caption\":\"EcoTech KO\"},\"image\":{\"@id\":\"https:\\\/\\\/ecotech.net.ua\\\/en\\\/#\\\/schema\\\/logo\\\/image\\\/\"}}]}<\/script>\n<!-- \/ Yoast SEO plugin. -->","yoast_head_json":{"title":"(\u041a\u043e\u043f\u0456\u044f)(\u041a\u043e\u043f\u0456\u044f)(\u041a\u043e\u043f\u0456\u044f)Energy storage system Deye High Voltage Outdoor 60KWH Cabinet ESS - EcoTech KO","robots":{"index":"index","follow":"follow","max-snippet":"max-snippet:-1","max-image-preview":"max-image-preview:large","max-video-preview":"max-video-preview:-1"},"canonical":"https:\/\/ecotech.net.ua\/en\/product\/kopiyakopiyakopiyaenergy-storage-system-deye-high-voltage-outdoor-60kwh-cabinet-ess\/","og_locale":"en_US","og_type":"article","og_title":"(\u041a\u043e\u043f\u0456\u044f)(\u041a\u043e\u043f\u0456\u044f)(\u041a\u043e\u043f\u0456\u044f)Energy storage system Deye High Voltage Outdoor 60KWH Cabinet ESS - EcoTech KO","og_description":"&nbsp;  Cell chemistry LiFePO\u2084  Energy module (kWh) 5.12  Module rated voltage (V) 51.2  Module capacity (Ah) 100  Number of battery modules in the series 12  System rated voltage (V) 614.4  System operating voltage (V) 480 ~ 700  System energy (kWh) 61,44  Useful energy of the system (kWh) 55.29  Rated DC power (kW) 61,44  Recommended charge\/discharge (A) 50  Rated current (A) 100  Peak discharge current (A) 125 (2 min at 25\u00b0C)  Status Indicators Yellow: High voltage on \/ Red: Alarm  Communication port CAN 2.0 \/ RS485  Humidity 5% \u2013 85% relative humidity  Height \u22642000m  Corpus protection IP55  Dimensions (W \u00d7 D \u00d7 H, mm) 783 \u00d7 1059 \u00d7 2235  Weight (kg) 1070  Installation method Floor-mounted  Operating temperature (\u00b0C) -30\u00b0C \u0434\u043e 60\u00b0C&gt;above 45\u00b0C)  Life cycle \u22656000 (25\u00b12\u00b0C, 0,5C\/0,5C, EOL 70%)  Certificates UN38.3 \/ CB \/ CE \/ CEC \/ IEC 62040","og_url":"https:\/\/ecotech.net.ua\/en\/product\/kopiyakopiyakopiyaenergy-storage-system-deye-high-voltage-outdoor-60kwh-cabinet-ess\/","og_site_name":"EcoTech KO","article_modified_time":"2026-04-10T12:05:08+00:00","og_image":[{"width":1000,"height":1000,"url":"https:\/\/ecotech.net.ua\/wp-content\/uploads\/2026\/03\/deye-high-voltage-outdoor-60kwh-cabinet-ess.webp","type":"image\/webp"}],"twitter_card":"summary_large_image","twitter_misc":{"Est. reading time":"1 minute"},"schema":{"@context":"https:\/\/schema.org","@graph":[{"@type":"WebPage","@id":"https:\/\/ecotech.net.ua\/en\/product\/kopiyakopiyakopiyaenergy-storage-system-deye-high-voltage-outdoor-60kwh-cabinet-ess\/","url":"https:\/\/ecotech.net.ua\/en\/product\/kopiyakopiyakopiyaenergy-storage-system-deye-high-voltage-outdoor-60kwh-cabinet-ess\/","name":"(\u041a\u043e\u043f\u0456\u044f)(\u041a\u043e\u043f\u0456\u044f)(\u041a\u043e\u043f\u0456\u044f)Energy storage system Deye High Voltage Outdoor 60KWH Cabinet ESS - EcoTech KO","isPartOf":{"@id":"https:\/\/ecotech.net.ua\/en\/#website"},"primaryImageOfPage":{"@id":"https:\/\/ecotech.net.ua\/en\/product\/kopiyakopiyakopiyaenergy-storage-system-deye-high-voltage-outdoor-60kwh-cabinet-ess\/#primaryimage"},"image":{"@id":"https:\/\/ecotech.net.ua\/en\/product\/kopiyakopiyakopiyaenergy-storage-system-deye-high-voltage-outdoor-60kwh-cabinet-ess\/#primaryimage"},"thumbnailUrl":"https:\/\/ecotech.net.ua\/wp-content\/uploads\/2026\/03\/deye-high-voltage-outdoor-60kwh-cabinet-ess.webp","datePublished":"2026-04-10T11:50:26+00:00","dateModified":"2026-04-10T12:05:08+00:00","breadcrumb":{"@id":"https:\/\/ecotech.net.ua\/en\/product\/kopiyakopiyakopiyaenergy-storage-system-deye-high-voltage-outdoor-60kwh-cabinet-ess\/#breadcrumb"},"inLanguage":"en-US","potentialAction":[{"@type":"ReadAction","target":["https:\/\/ecotech.net.ua\/en\/product\/kopiyakopiyakopiyaenergy-storage-system-deye-high-voltage-outdoor-60kwh-cabinet-ess\/"]}]},{"@type":"ImageObject","inLanguage":"en-US","@id":"https:\/\/ecotech.net.ua\/en\/product\/kopiyakopiyakopiyaenergy-storage-system-deye-high-voltage-outdoor-60kwh-cabinet-ess\/#primaryimage","url":"https:\/\/ecotech.net.ua\/wp-content\/uploads\/2026\/03\/deye-high-voltage-outdoor-60kwh-cabinet-ess.webp","contentUrl":"https:\/\/ecotech.net.ua\/wp-content\/uploads\/2026\/03\/deye-high-voltage-outdoor-60kwh-cabinet-ess.webp","width":1000,"height":1000},{"@type":"BreadcrumbList","@id":"https:\/\/ecotech.net.ua\/en\/product\/kopiyakopiyakopiyaenergy-storage-system-deye-high-voltage-outdoor-60kwh-cabinet-ess\/#breadcrumb","itemListElement":[{"@type":"ListItem","position":1,"name":"\u0413\u043e\u043b\u043e\u0432\u043d\u0430","item":"https:\/\/ecotech.net.ua\/en\/main-page\/"},{"@type":"ListItem","position":2,"name":"Shop","item":"https:\/\/ecotech.net.ua\/en\/shop\/"},{"@type":"ListItem","position":3,"name":"(\u041a\u043e\u043f\u0456\u044f)(\u041a\u043e\u043f\u0456\u044f)(\u041a\u043e\u043f\u0456\u044f)Energy storage system Deye High Voltage Outdoor 60KWH Cabinet ESS"}]},{"@type":"WebSite","@id":"https:\/\/ecotech.net.ua\/en\/#website","url":"https:\/\/ecotech.net.ua\/en\/","name":"EcoTech KO","description":"\u041d\u0430\u0434\u0456\u0439\u043d\u0456 \u0440\u0456\u0448\u0435\u043d\u043d\u044f \u0434\u043b\u044f \u0441\u043e\u043d\u044f\u0447\u043d\u043e\u0457 \u0435\u043d\u0435\u0440\u0433\u0435\u0442\u0438\u043a\u0438","publisher":{"@id":"https:\/\/ecotech.net.ua\/en\/#organization"},"potentialAction":[{"@type":"SearchAction","target":{"@type":"EntryPoint","urlTemplate":"https:\/\/ecotech.net.ua\/en\/?s={search_term_string}"},"query-input":{"@type":"PropertyValueSpecification","valueRequired":true,"valueName":"search_term_string"}}],"inLanguage":"en-US"},{"@type":"Organization","@id":"https:\/\/ecotech.net.ua\/en\/#organization","name":"EcoTech KO","url":"https:\/\/ecotech.net.ua\/en\/","logo":{"@type":"ImageObject","inLanguage":"en-US","@id":"https:\/\/ecotech.net.ua\/en\/#\/schema\/logo\/image\/","url":"https:\/\/ecotech.net.ua\/wp-content\/uploads\/2026\/02\/logo.svg","contentUrl":"https:\/\/ecotech.net.ua\/wp-content\/uploads\/2026\/02\/logo.svg","width":204,"height":46,"caption":"EcoTech KO"},"image":{"@id":"https:\/\/ecotech.net.ua\/en\/#\/schema\/logo\/image\/"}}]}},"_links":{"self":[{"href":"https:\/\/ecotech.net.ua\/en\/wp-json\/wp\/v2\/product\/1875","targetHints":{"allow":["GET"]}}],"collection":[{"href":"https:\/\/ecotech.net.ua\/en\/wp-json\/wp\/v2\/product"}],"about":[{"href":"https:\/\/ecotech.net.ua\/en\/wp-json\/wp\/v2\/types\/product"}],"replies":[{"embeddable":true,"href":"https:\/\/ecotech.net.ua\/en\/wp-json\/wp\/v2\/comments?post=1875"}],"wp:featuredmedia":[{"embeddable":true,"href":"https:\/\/ecotech.net.ua\/en\/wp-json\/wp\/v2\/media\/1871"}],"wp:attachment":[{"href":"https:\/\/ecotech.net.ua\/en\/wp-json\/wp\/v2\/media?parent=1875"}],"wp:term":[{"taxonomy":"product_brand","embeddable":true,"href":"https:\/\/ecotech.net.ua\/en\/wp-json\/wp\/v2\/product_brand?post=1875"},{"taxonomy":"product_cat","embeddable":true,"href":"https:\/\/ecotech.net.ua\/en\/wp-json\/wp\/v2\/product_cat?post=1875"},{"taxonomy":"product_tag","embeddable":true,"href":"https:\/\/ecotech.net.ua\/en\/wp-json\/wp\/v2\/product_tag?post=1875"}],"curies":[{"name":"wp","href":"https:\/\/api.w.org\/{rel}","templated":true}]}}