{"id":1465,"date":"2026-03-30T06:21:12","date_gmt":"2026-03-30T06:21:12","guid":{"rendered":"https:\/\/ecotech.net.ua\/product\/energy-storage-system-dyness-bf200-dc-215-kwh\/"},"modified":"2026-03-30T06:21:12","modified_gmt":"2026-03-30T06:21:12","slug":"energy-storage-system-dyness-bf200-dc-215-kwh","status":"publish","type":"product","link":"https:\/\/ecotech.net.ua\/en\/product\/energy-storage-system-dyness-bf200-dc-215-kwh\/","title":{"rendered":"Energy storage system Dyness BF200-DC 215 kWh"},"content":{"rendered":"<p>The Dyness BF200-DC is a state-of-the-art high-voltage energy storage system designed for commercial and industrial applications. It combines high capacity, reliability, and flexibility, ensuring efficient energy management and stable operation of facilities even during power outages. <\/p>\n<p>The model is equipped with intelligent control, allowing the system to monitor battery status and balance energy distribution among them, check charge levels, and prevent overheating. It is ideal for large industrial facilities, as the equipment can operate even under challenging conditions. It offers a high degree of protection against moisture and dust.  <\/p>\n<p>Thanks to its modularity and high performance, the system can be easily adapted to any business needs.<\/p>\n","protected":false},"excerpt":{"rendered":"<table class=\"ddcb-rln-inof\">\n<tbody>\n<tr>\n<td colspan=\"1\" rowspan=\"1\">System throughput<\/td>\n<td colspan=\"1\" rowspan=\"1\">215 kWh<\/td>\n<\/tr>\n<tr>\n<td colspan=\"1\" rowspan=\"1\">Dimensions [W\u00d7D\u00d7H]<\/td>\n<td colspan=\"1\" rowspan=\"1\">1850\u00d71195\u00d72258 mm<\/td>\n<\/tr>\n<tr>\n<td colspan=\"1\" rowspan=\"1\">Weight<\/td>\n<td colspan=\"1\" rowspan=\"1\">2500\u00b1100 kg<\/td>\n<\/tr>\n<tr>\n<td colspan=\"1\" rowspan=\"1\">Ingress protection<\/td>\n<td colspan=\"1\" rowspan=\"1\">IP55<\/td>\n<\/tr>\n<tr>\n<td colspan=\"1\" rowspan=\"1\">Cooling method<\/td>\n<td colspan=\"1\" rowspan=\"1\">Air cooling<\/td>\n<\/tr>\n<\/tbody>\n<\/table>\n","protected":false},"featured_media":1467,"comment_status":"open","ping_status":"closed","template":"","meta":[],"product_brand":[61],"product_cat":[50],"product_tag":[],"class_list":{"0":"post-1465","1":"product","2":"type-product","3":"status-publish","4":"has-post-thumbnail","6":"product_brand-dyness","7":"product_cat-industrial-storage-systems","9":"first","10":"instock","11":"taxable","12":"shipping-taxable","13":"purchasable","14":"product-type-simple"},"yoast_head":"<!-- This site is optimized with the Yoast SEO plugin v27.4 - https:\/\/yoast.com\/product\/yoast-seo-wordpress\/ -->\n<title>Energy storage system Dyness BF200-DC 215 kWh - EcoTech KO<\/title>\n<meta name=\"robots\" content=\"index, follow, max-snippet:-1, max-image-preview:large, max-video-preview:-1\" \/>\n<link rel=\"canonical\" href=\"https:\/\/ecotech.net.ua\/en\/product\/energy-storage-system-dyness-bf200-dc-215-kwh\/\" \/>\n<meta property=\"og:locale\" content=\"en_US\" \/>\n<meta property=\"og:type\" content=\"article\" \/>\n<meta property=\"og:title\" content=\"Energy storage system Dyness BF200-DC 215 kWh - EcoTech KO\" \/>\n<meta property=\"og:description\" content=\"System throughput 215 kWh  Dimensions [W\u00d7D\u00d7H] 1850\u00d71195\u00d72258 mm  Weight 2500\u00b1100 kg  Ingress protection IP55  Cooling method Air cooling\" \/>\n<meta property=\"og:url\" content=\"https:\/\/ecotech.net.ua\/en\/product\/energy-storage-system-dyness-bf200-dc-215-kwh\/\" \/>\n<meta property=\"og:site_name\" content=\"EcoTech KO\" \/>\n<meta property=\"og:image\" content=\"https:\/\/ecotech.net.ua\/wp-content\/uploads\/2026\/03\/dyness-bf200-dc.webp\" \/>\n\t<meta property=\"og:image:width\" content=\"1000\" \/>\n\t<meta property=\"og:image:height\" content=\"1000\" \/>\n\t<meta property=\"og:image:type\" content=\"image\/webp\" \/>\n<meta name=\"twitter:card\" content=\"summary_large_image\" \/>\n<meta name=\"twitter:label1\" content=\"Est. reading time\" \/>\n\t<meta name=\"twitter:data1\" content=\"1 minute\" \/>\n<script type=\"application\/ld+json\" class=\"yoast-schema-graph\">{\"@context\":\"https:\\\/\\\/schema.org\",\"@graph\":[{\"@type\":\"WebPage\",\"@id\":\"https:\\\/\\\/ecotech.net.ua\\\/en\\\/product\\\/energy-storage-system-dyness-bf200-dc-215-kwh\\\/\",\"url\":\"https:\\\/\\\/ecotech.net.ua\\\/en\\\/product\\\/energy-storage-system-dyness-bf200-dc-215-kwh\\\/\",\"name\":\"Energy storage system Dyness BF200-DC 215 kWh - EcoTech KO\",\"isPartOf\":{\"@id\":\"https:\\\/\\\/ecotech.net.ua\\\/en\\\/#website\"},\"primaryImageOfPage\":{\"@id\":\"https:\\\/\\\/ecotech.net.ua\\\/en\\\/product\\\/energy-storage-system-dyness-bf200-dc-215-kwh\\\/#primaryimage\"},\"image\":{\"@id\":\"https:\\\/\\\/ecotech.net.ua\\\/en\\\/product\\\/energy-storage-system-dyness-bf200-dc-215-kwh\\\/#primaryimage\"},\"thumbnailUrl\":\"https:\\\/\\\/ecotech.net.ua\\\/wp-content\\\/uploads\\\/2026\\\/03\\\/dyness-bf200-dc.webp\",\"datePublished\":\"2026-03-30T06:21:12+00:00\",\"breadcrumb\":{\"@id\":\"https:\\\/\\\/ecotech.net.ua\\\/en\\\/product\\\/energy-storage-system-dyness-bf200-dc-215-kwh\\\/#breadcrumb\"},\"inLanguage\":\"en-US\",\"potentialAction\":[{\"@type\":\"ReadAction\",\"target\":[\"https:\\\/\\\/ecotech.net.ua\\\/en\\\/product\\\/energy-storage-system-dyness-bf200-dc-215-kwh\\\/\"]}]},{\"@type\":\"ImageObject\",\"inLanguage\":\"en-US\",\"@id\":\"https:\\\/\\\/ecotech.net.ua\\\/en\\\/product\\\/energy-storage-system-dyness-bf200-dc-215-kwh\\\/#primaryimage\",\"url\":\"https:\\\/\\\/ecotech.net.ua\\\/wp-content\\\/uploads\\\/2026\\\/03\\\/dyness-bf200-dc.webp\",\"contentUrl\":\"https:\\\/\\\/ecotech.net.ua\\\/wp-content\\\/uploads\\\/2026\\\/03\\\/dyness-bf200-dc.webp\",\"width\":1000,\"height\":1000},{\"@type\":\"BreadcrumbList\",\"@id\":\"https:\\\/\\\/ecotech.net.ua\\\/en\\\/product\\\/energy-storage-system-dyness-bf200-dc-215-kwh\\\/#breadcrumb\",\"itemListElement\":[{\"@type\":\"ListItem\",\"position\":1,\"name\":\"\u0413\u043e\u043b\u043e\u0432\u043d\u0430\",\"item\":\"https:\\\/\\\/ecotech.net.ua\\\/en\\\/main-page\\\/\"},{\"@type\":\"ListItem\",\"position\":2,\"name\":\"Shop\",\"item\":\"https:\\\/\\\/ecotech.net.ua\\\/en\\\/shop\\\/\"},{\"@type\":\"ListItem\",\"position\":3,\"name\":\"Energy storage system Dyness BF200-DC 215 kWh\"}]},{\"@type\":\"WebSite\",\"@id\":\"https:\\\/\\\/ecotech.net.ua\\\/en\\\/#website\",\"url\":\"https:\\\/\\\/ecotech.net.ua\\\/en\\\/\",\"name\":\"EcoTech KO\",\"description\":\"\u041d\u0430\u0434\u0456\u0439\u043d\u0456 \u0440\u0456\u0448\u0435\u043d\u043d\u044f \u0434\u043b\u044f \u0441\u043e\u043d\u044f\u0447\u043d\u043e\u0457 \u0435\u043d\u0435\u0440\u0433\u0435\u0442\u0438\u043a\u0438\",\"publisher\":{\"@id\":\"https:\\\/\\\/ecotech.net.ua\\\/en\\\/#organization\"},\"potentialAction\":[{\"@type\":\"SearchAction\",\"target\":{\"@type\":\"EntryPoint\",\"urlTemplate\":\"https:\\\/\\\/ecotech.net.ua\\\/en\\\/?s={search_term_string}\"},\"query-input\":{\"@type\":\"PropertyValueSpecification\",\"valueRequired\":true,\"valueName\":\"search_term_string\"}}],\"inLanguage\":\"en-US\"},{\"@type\":\"Organization\",\"@id\":\"https:\\\/\\\/ecotech.net.ua\\\/en\\\/#organization\",\"name\":\"EcoTech KO\",\"url\":\"https:\\\/\\\/ecotech.net.ua\\\/en\\\/\",\"logo\":{\"@type\":\"ImageObject\",\"inLanguage\":\"en-US\",\"@id\":\"https:\\\/\\\/ecotech.net.ua\\\/en\\\/#\\\/schema\\\/logo\\\/image\\\/\",\"url\":\"https:\\\/\\\/ecotech.net.ua\\\/wp-content\\\/uploads\\\/2026\\\/02\\\/logo.svg\",\"contentUrl\":\"https:\\\/\\\/ecotech.net.ua\\\/wp-content\\\/uploads\\\/2026\\\/02\\\/logo.svg\",\"width\":204,\"height\":46,\"caption\":\"EcoTech KO\"},\"image\":{\"@id\":\"https:\\\/\\\/ecotech.net.ua\\\/en\\\/#\\\/schema\\\/logo\\\/image\\\/\"}}]}<\/script>\n<!-- \/ Yoast SEO plugin. -->","yoast_head_json":{"title":"Energy storage system Dyness BF200-DC 215 kWh - EcoTech KO","robots":{"index":"index","follow":"follow","max-snippet":"max-snippet:-1","max-image-preview":"max-image-preview:large","max-video-preview":"max-video-preview:-1"},"canonical":"https:\/\/ecotech.net.ua\/en\/product\/energy-storage-system-dyness-bf200-dc-215-kwh\/","og_locale":"en_US","og_type":"article","og_title":"Energy storage system Dyness BF200-DC 215 kWh - EcoTech KO","og_description":"System throughput 215 kWh  Dimensions [W\u00d7D\u00d7H] 1850\u00d71195\u00d72258 mm  Weight 2500\u00b1100 kg  Ingress protection IP55  Cooling method Air cooling","og_url":"https:\/\/ecotech.net.ua\/en\/product\/energy-storage-system-dyness-bf200-dc-215-kwh\/","og_site_name":"EcoTech KO","og_image":[{"width":1000,"height":1000,"url":"https:\/\/ecotech.net.ua\/wp-content\/uploads\/2026\/03\/dyness-bf200-dc.webp","type":"image\/webp"}],"twitter_card":"summary_large_image","twitter_misc":{"Est. reading time":"1 minute"},"schema":{"@context":"https:\/\/schema.org","@graph":[{"@type":"WebPage","@id":"https:\/\/ecotech.net.ua\/en\/product\/energy-storage-system-dyness-bf200-dc-215-kwh\/","url":"https:\/\/ecotech.net.ua\/en\/product\/energy-storage-system-dyness-bf200-dc-215-kwh\/","name":"Energy storage system Dyness BF200-DC 215 kWh - EcoTech KO","isPartOf":{"@id":"https:\/\/ecotech.net.ua\/en\/#website"},"primaryImageOfPage":{"@id":"https:\/\/ecotech.net.ua\/en\/product\/energy-storage-system-dyness-bf200-dc-215-kwh\/#primaryimage"},"image":{"@id":"https:\/\/ecotech.net.ua\/en\/product\/energy-storage-system-dyness-bf200-dc-215-kwh\/#primaryimage"},"thumbnailUrl":"https:\/\/ecotech.net.ua\/wp-content\/uploads\/2026\/03\/dyness-bf200-dc.webp","datePublished":"2026-03-30T06:21:12+00:00","breadcrumb":{"@id":"https:\/\/ecotech.net.ua\/en\/product\/energy-storage-system-dyness-bf200-dc-215-kwh\/#breadcrumb"},"inLanguage":"en-US","potentialAction":[{"@type":"ReadAction","target":["https:\/\/ecotech.net.ua\/en\/product\/energy-storage-system-dyness-bf200-dc-215-kwh\/"]}]},{"@type":"ImageObject","inLanguage":"en-US","@id":"https:\/\/ecotech.net.ua\/en\/product\/energy-storage-system-dyness-bf200-dc-215-kwh\/#primaryimage","url":"https:\/\/ecotech.net.ua\/wp-content\/uploads\/2026\/03\/dyness-bf200-dc.webp","contentUrl":"https:\/\/ecotech.net.ua\/wp-content\/uploads\/2026\/03\/dyness-bf200-dc.webp","width":1000,"height":1000},{"@type":"BreadcrumbList","@id":"https:\/\/ecotech.net.ua\/en\/product\/energy-storage-system-dyness-bf200-dc-215-kwh\/#breadcrumb","itemListElement":[{"@type":"ListItem","position":1,"name":"\u0413\u043e\u043b\u043e\u0432\u043d\u0430","item":"https:\/\/ecotech.net.ua\/en\/main-page\/"},{"@type":"ListItem","position":2,"name":"Shop","item":"https:\/\/ecotech.net.ua\/en\/shop\/"},{"@type":"ListItem","position":3,"name":"Energy storage system Dyness BF200-DC 215 kWh"}]},{"@type":"WebSite","@id":"https:\/\/ecotech.net.ua\/en\/#website","url":"https:\/\/ecotech.net.ua\/en\/","name":"EcoTech KO","description":"\u041d\u0430\u0434\u0456\u0439\u043d\u0456 \u0440\u0456\u0448\u0435\u043d\u043d\u044f \u0434\u043b\u044f \u0441\u043e\u043d\u044f\u0447\u043d\u043e\u0457 \u0435\u043d\u0435\u0440\u0433\u0435\u0442\u0438\u043a\u0438","publisher":{"@id":"https:\/\/ecotech.net.ua\/en\/#organization"},"potentialAction":[{"@type":"SearchAction","target":{"@type":"EntryPoint","urlTemplate":"https:\/\/ecotech.net.ua\/en\/?s={search_term_string}"},"query-input":{"@type":"PropertyValueSpecification","valueRequired":true,"valueName":"search_term_string"}}],"inLanguage":"en-US"},{"@type":"Organization","@id":"https:\/\/ecotech.net.ua\/en\/#organization","name":"EcoTech KO","url":"https:\/\/ecotech.net.ua\/en\/","logo":{"@type":"ImageObject","inLanguage":"en-US","@id":"https:\/\/ecotech.net.ua\/en\/#\/schema\/logo\/image\/","url":"https:\/\/ecotech.net.ua\/wp-content\/uploads\/2026\/02\/logo.svg","contentUrl":"https:\/\/ecotech.net.ua\/wp-content\/uploads\/2026\/02\/logo.svg","width":204,"height":46,"caption":"EcoTech KO"},"image":{"@id":"https:\/\/ecotech.net.ua\/en\/#\/schema\/logo\/image\/"}}]}},"_links":{"self":[{"href":"https:\/\/ecotech.net.ua\/en\/wp-json\/wp\/v2\/product\/1465","targetHints":{"allow":["GET"]}}],"collection":[{"href":"https:\/\/ecotech.net.ua\/en\/wp-json\/wp\/v2\/product"}],"about":[{"href":"https:\/\/ecotech.net.ua\/en\/wp-json\/wp\/v2\/types\/product"}],"replies":[{"embeddable":true,"href":"https:\/\/ecotech.net.ua\/en\/wp-json\/wp\/v2\/comments?post=1465"}],"wp:featuredmedia":[{"embeddable":true,"href":"https:\/\/ecotech.net.ua\/en\/wp-json\/wp\/v2\/media\/1467"}],"wp:attachment":[{"href":"https:\/\/ecotech.net.ua\/en\/wp-json\/wp\/v2\/media?parent=1465"}],"wp:term":[{"taxonomy":"product_brand","embeddable":true,"href":"https:\/\/ecotech.net.ua\/en\/wp-json\/wp\/v2\/product_brand?post=1465"},{"taxonomy":"product_cat","embeddable":true,"href":"https:\/\/ecotech.net.ua\/en\/wp-json\/wp\/v2\/product_cat?post=1465"},{"taxonomy":"product_tag","embeddable":true,"href":"https:\/\/ecotech.net.ua\/en\/wp-json\/wp\/v2\/product_tag?post=1465"}],"curies":[{"name":"wp","href":"https:\/\/api.w.org\/{rel}","templated":true}]}}